{"id":2183,"date":"2017-06-04T12:43:02","date_gmt":"2017-06-04T17:43:02","guid":{"rendered":"https:\/\/www.technoparc.com\/a-propos\/"},"modified":"2022-10-27T10:38:26","modified_gmt":"2022-10-27T15:38:26","slug":"about-the-technoparc-montreal","status":"publish","type":"page","link":"https:\/\/technoparc.com\/en\/about-the-technoparc-montreal\/","title":{"rendered":"About"},"content":{"rendered":"[et_pb_section fb_built=&#8221;1&#8243; module_id=&#8221;intro-image&#8221; _builder_version=&#8221;3.22&#8243; background_image=&#8221;https:\/\/technoparc.com\/wp-content\/uploads\/2017\/06\/image-intro-apropos.jpg&#8221; transparent_background=&#8221;off&#8221; make_fullwidth=&#8221;off&#8221; use_custom_width=&#8221;off&#8221; width_unit=&#8221;on&#8221; global_colors_info=&#8221;{}&#8221;][et_pb_row _builder_version=&#8221;3.25&#8243; background_size=&#8221;initial&#8221; background_position=&#8221;top_left&#8221; background_repeat=&#8221;repeat&#8221; global_colors_info=&#8221;{}&#8221;][et_pb_column type=&#8221;4_4&#8243; _builder_version=&#8221;3.25&#8243; custom_padding=&#8221;|||&#8221; global_colors_info=&#8221;{}&#8221; custom_padding__hover=&#8221;|||&#8221;][et_pb_text admin_label=&#8221;Technoparc Montreal&#8221; _builder_version=&#8221;3.27.4&#8243; background_size=&#8221;initial&#8221; background_position=&#8221;top_left&#8221; background_repeat=&#8221;repeat&#8221; text_orientation=&#8221;right&#8221; background_layout=&#8221;dark&#8221; module_alignment=&#8221;right&#8221; global_colors_info=&#8221;{}&#8221;]\n<h1>Technoparc Montreal<\/h1>\n<p>At the forefront of science<br \/>\nand technology parks<br \/>\n[\/et_pb_text][\/et_pb_column][\/et_pb_row][\/et_pb_section][et_pb_section fb_built=&#8221;1&#8243; module_id=&#8221;les-grandes-dates&#8221; _builder_version=&#8221;4.9.4&#8243; height=&#8221;300px&#8221; max_height=&#8221;300px&#8221; transparent_background=&#8221;off&#8221; make_fullwidth=&#8221;off&#8221; use_custom_width=&#8221;off&#8221; width_unit=&#8221;on&#8221; global_colors_info=&#8221;{}&#8221;][et_pb_row column_structure=&#8221;2_5,3_5&#8243; _builder_version=&#8221;3.25&#8243; background_size=&#8221;initial&#8221; background_position=&#8221;top_left&#8221; background_repeat=&#8221;repeat&#8221; global_colors_info=&#8221;{}&#8221;][et_pb_column type=&#8221;2_5&#8243; _builder_version=&#8221;3.25&#8243; custom_padding=&#8221;|||&#8221; global_colors_info=&#8221;{}&#8221; custom_padding__hover=&#8221;|||&#8221;][et_pb_image src=&#8221;https:\/\/technoparc.com\/wp-content\/uploads\/2021\/06\/first-science-park-in-canada-1.png&#8221; _builder_version=&#8221;4.9.4&#8243; _module_preset=&#8221;default&#8221; global_colors_info=&#8221;{}&#8221;][\/et_pb_image][\/et_pb_column][et_pb_column type=&#8221;3_5&#8243; _builder_version=&#8221;3.25&#8243; custom_padding=&#8221;|||&#8221; global_colors_info=&#8221;{}&#8221; custom_padding__hover=&#8221;|||&#8221;][et_pb_text admin_label=&#8221;Our history&#8221; _builder_version=&#8221;4.12.1&#8243; background_size=&#8221;initial&#8221; background_position=&#8221;top_left&#8221; background_repeat=&#8221;repeat&#8221; module_alignment=&#8221;left&#8221; global_colors_info=&#8221;{}&#8221;]\n<p>Technoparc Montr\u00e9al is Canada&#8217;s first science park. It brings together a community of more than <a href=\"https:\/\/technoparc.com\/en\/our-companies\/\">one hundred innovative companies<\/a> in the <a href=\"https:\/\/technoparc.com\/en\/life-sciences\/\">life sciences<\/a>, <a href=\"https:\/\/technoparc.com\/en\/aerospace\/\">aerospace<\/a> and <a href=\"https:\/\/technoparc.com\/en\/technologies\/\">technology<\/a> industries. Its mission is to foster the creation and growth of companies in these industries as well as to provide rental space and land.<\/p>\n<p>Managed by the <a href=\"https:\/\/montreal.ca\/\">Ville de Montr\u00e9al<\/a>, the Technoparc is a science and technology business park with an international vocation, and a research and commercial development site.<\/p>\n[\/et_pb_text][\/et_pb_column][\/et_pb_row][\/et_pb_section][et_pb_section fb_built=&#8221;1&#8243; module_id=&#8221;les-grandes-dates&#8221; _builder_version=&#8221;3.22&#8243; transparent_background=&#8221;off&#8221; make_fullwidth=&#8221;off&#8221; use_custom_width=&#8221;off&#8221; width_unit=&#8221;on&#8221; global_colors_info=&#8221;{}&#8221;][et_pb_row _builder_version=&#8221;3.25&#8243; background_size=&#8221;initial&#8221; background_position=&#8221;top_left&#8221; background_repeat=&#8221;repeat&#8221; global_colors_info=&#8221;{}&#8221;][et_pb_column type=&#8221;4_4&#8243; _builder_version=&#8221;3.25&#8243; custom_padding=&#8221;|||&#8221; global_colors_info=&#8221;{}&#8221; custom_padding__hover=&#8221;|||&#8221;][et_pb_text admin_label=&#8221;Our history&#8221; _builder_version=&#8221;3.27.4&#8243; background_size=&#8221;initial&#8221; background_position=&#8221;top_left&#8221; background_repeat=&#8221;repeat&#8221; module_alignment=&#8221;left&#8221; global_colors_info=&#8221;{}&#8221;]\n<h2 style=\"text-align: center\">Our history<\/h2>\n[\/et_pb_text][\/et_pb_column][\/et_pb_row][et_pb_row column_structure=&#8221;1_3,1_3,1_3&#8243; _builder_version=&#8221;3.25&#8243; background_size=&#8221;initial&#8221; background_position=&#8221;top_left&#8221; background_repeat=&#8221;repeat&#8221; global_colors_info=&#8221;{}&#8221;][et_pb_column type=&#8221;1_3&#8243; _builder_version=&#8221;3.25&#8243; custom_padding=&#8221;|||&#8221; global_colors_info=&#8221;{}&#8221; custom_padding__hover=&#8221;|||&#8221;][et_pb_image src=&#8221;https:\/\/technoparc.com\/wp-content\/uploads\/2021\/06\/citec-e1623955213496.png&#8221; title_text=&#8221;The Technoparc de Montr\u00e9al project began in 1987 with the creation of the Centre d&#8217;Initiative Technique de Montr\u00e9al, CITec. In 1988, the Technoparc Montr\u00e9al M\u00e9tropolitain was launched.&#8221; align=&#8221;center&#8221; align_tablet=&#8221;center&#8221; align_phone=&#8221;&#8221; align_last_edited=&#8221;on|desktop&#8221; _builder_version=&#8221;4.9.4&#8243; animation_direction=&#8221;off&#8221; animation=&#8221;off&#8221; sticky=&#8221;off&#8221; always_center_on_mobile=&#8221;on&#8221; global_colors_info=&#8221;{}&#8221;][\/et_pb_image][et_pb_image src=&#8221;https:\/\/technoparc.com\/wp-content\/uploads\/2021\/06\/novotel-e1623955363399.jpg&#8221; title_text=&#8221;The Novotel opened its doors in 2006. In 2008, Technoparc Saint-Laurent became Technoparc Montr\u00e9al.&#8221; align=&#8221;center&#8221; align_tablet=&#8221;center&#8221; align_phone=&#8221;&#8221; align_last_edited=&#8221;on|desktop&#8221; _builder_version=&#8221;4.9.4&#8243; animation_direction=&#8221;off&#8221; animation=&#8221;off&#8221; sticky=&#8221;off&#8221; always_center_on_mobile=&#8221;on&#8221; global_colors_info=&#8221;{}&#8221;][\/et_pb_image][\/et_pb_column][et_pb_column type=&#8221;1_3&#8243; _builder_version=&#8221;3.25&#8243; custom_padding=&#8221;|||&#8221; global_colors_info=&#8221;{}&#8221; custom_padding__hover=&#8221;|||&#8221;][et_pb_image src=&#8221;https:\/\/technoparc.com\/wp-content\/uploads\/2021\/06\/astra-pharma-e1623955257537.jpg&#8221; title_text=&#8221;In 1994, Astra Pharma announced a $ 33 million investment to build a research laboratory on the Saint-Laurent campus.&#8221; align=&#8221;center&#8221; align_tablet=&#8221;center&#8221; align_phone=&#8221;&#8221; align_last_edited=&#8221;on|desktop&#8221; _builder_version=&#8221;4.9.4&#8243; animation_direction=&#8221;off&#8221; animation=&#8221;off&#8221; sticky=&#8221;off&#8221; always_center_on_mobile=&#8221;on&#8221; global_colors_info=&#8221;{}&#8221;][\/et_pb_image][et_pb_image src=&#8221;https:\/\/technoparc.com\/wp-content\/uploads\/2021\/06\/neomed-e1623955394155.jpg&#8221; title_text=&#8221;In 2012, the Neomed Institute opens its doors and the \u00c9co-campus Hubert Reeves is created.&#8221; align=&#8221;center&#8221; align_tablet=&#8221;center&#8221; align_phone=&#8221;&#8221; align_last_edited=&#8221;on|desktop&#8221; _builder_version=&#8221;4.9.4&#8243; animation_direction=&#8221;off&#8221; hover_enabled=&#8221;0&#8243; animation=&#8221;off&#8221; sticky=&#8221;off&#8221; always_center_on_mobile=&#8221;on&#8221; global_colors_info=&#8221;{}&#8221; sticky_enabled=&#8221;0&#8243;][\/et_pb_image][et_pb_image src=&#8221;https:\/\/technoparc.com\/wp-content\/uploads\/2021\/06\/rem-1.jpg&#8221; title_text=&#8221;In 2016, the light rail project of the CDPQ Infra is planning a station in the Technoparc de Montr\u00e9al and infrastructure work begins in the \u00c9co-campus Hubert Reeves.&#8221; align=&#8221;center&#8221; align_tablet=&#8221;center&#8221; align_phone=&#8221;&#8221; align_last_edited=&#8221;on|desktop&#8221; _builder_version=&#8221;4.9.4&#8243; animation_direction=&#8221;off&#8221; animation=&#8221;off&#8221; sticky=&#8221;off&#8221; always_center_on_mobile=&#8221;on&#8221; global_colors_info=&#8221;{}&#8221;][\/et_pb_image][\/et_pb_column][et_pb_column type=&#8221;1_3&#8243; _builder_version=&#8221;3.25&#8243; custom_padding=&#8221;|||&#8221; global_colors_info=&#8221;{}&#8221; custom_padding__hover=&#8221;|||&#8221;][et_pb_image src=&#8221;https:\/\/technoparc.com\/wp-content\/uploads\/2021\/06\/place-innovation-e1623955339739.jpg&#8221; title_text=&#8221;Construction of Place Innovation, the future Nortel building, began in 1999. In 2004, Bombardier, now based at Place Innovation, began its C-Series project.&#8221; align=&#8221;center&#8221; align_tablet=&#8221;center&#8221; align_phone=&#8221;&#8221; align_last_edited=&#8221;on|desktop&#8221; _builder_version=&#8221;4.9.4&#8243; animation_direction=&#8221;off&#8221; animation=&#8221;off&#8221; sticky=&#8221;off&#8221; always_center_on_mobile=&#8221;on&#8221; global_colors_info=&#8221;{}&#8221;][\/et_pb_image][et_pb_image src=&#8221;https:\/\/technoparc.com\/wp-content\/uploads\/2021\/06\/greencross-e1623955436228.jpg&#8221; title_text=&#8221;In 2015, several real estate projects are launched: Green Cross Biotherapeutics, ABB and 4Degr\u00e9es.&#8221; align=&#8221;center&#8221; align_tablet=&#8221;center&#8221; align_phone=&#8221;&#8221; align_last_edited=&#8221;on|desktop&#8221; _builder_version=&#8221;4.9.4&#8243; animation_direction=&#8221;off&#8221; animation=&#8221;off&#8221; sticky=&#8221;off&#8221; always_center_on_mobile=&#8221;on&#8221; global_colors_info=&#8221;{}&#8221;][\/et_pb_image][\/et_pb_column][\/et_pb_row][\/et_pb_section][et_pb_section fb_built=&#8221;1&#8243; module_class=&#8221;graybg&#8221; _builder_version=&#8221;3.22&#8243; transparent_background=&#8221;off&#8221; make_fullwidth=&#8221;off&#8221; use_custom_width=&#8221;off&#8221; width_unit=&#8221;on&#8221; global_colors_info=&#8221;{}&#8221;][et_pb_row _builder_version=&#8221;3.25&#8243; background_size=&#8221;initial&#8221; background_position=&#8221;top_left&#8221; background_repeat=&#8221;repeat&#8221; global_colors_info=&#8221;{}&#8221;][et_pb_column type=&#8221;4_4&#8243; _builder_version=&#8221;3.25&#8243; custom_padding=&#8221;|||&#8221; global_colors_info=&#8221;{}&#8221; custom_padding__hover=&#8221;|||&#8221;][et_pb_text admin_label=&#8221; READY TO JOIN ONE OF OUR BUSINESS CENTERS?&#8221; _builder_version=&#8221;4.9.4&#8243; background_size=&#8221;initial&#8221; background_position=&#8221;top_left&#8221; background_repeat=&#8221;repeat&#8221; module_alignment=&#8221;left&#8221; hover_enabled=&#8221;0&#8243; global_colors_info=&#8221;{}&#8221; sticky_enabled=&#8221;0&#8243;]\n<h2 style=\"text-align: center;\">ANY QUESTIONS? CONTACT US!<\/h2>\n[\/et_pb_text][et_pb_code _builder_version=&#8221;4.9.4&#8243; global_colors_info=&#8221;{}&#8221;]<div class=\"frm_forms  with_frm_style frm_style_formidable-style\" id=\"frm_form_11_container\" >\n<form enctype=\"multipart\/form-data\" method=\"post\" class=\"frm-show-form contactez-nous frm_pro_form \" id=\"form_yucrq2\" >\n<div class=\"frm_form_fields \">\n<fieldset>\n<legend class=\"frm_hidden\">Contact - EN<\/legend>\r\n\r\n<div class=\"frm_fields_container\">\n<input type=\"hidden\" name=\"frm_action\" value=\"create\" \/>\n<input type=\"hidden\" name=\"form_id\" value=\"11\" \/>\n<input type=\"hidden\" name=\"frm_hide_fields_11\" id=\"frm_hide_fields_11\" value=\"\" \/>\n<input type=\"hidden\" name=\"form_key\" value=\"yucrq2\" \/>\n<input type=\"hidden\" name=\"item_meta[0]\" value=\"\" \/>\n<input type=\"hidden\" id=\"frm_submit_entry_11\" name=\"frm_submit_entry_11\" value=\"d6eeb20d5f\" \/><input type=\"hidden\" name=\"_wp_http_referer\" value=\"\/en\/wp-json\/wp\/v2\/pages\/2183\" \/><div id=\"frm_field_98_container\" class=\"frm_form_field form-field  frm_required_field frm_none_container frm_half frm_first\">\r\n    <label for=\"field_wy3w\" class=\"frm_primary_label\">First name, Last name\r\n        <span class=\"frm_required\">*<\/span>\r\n    <\/label>\r\n    <input  type=\"text\" id=\"field_wy3w\" name=\"item_meta[98]\" value=\"\"  placeholder=\"First name*, Last name*\" data-reqmsg=\"Ce champ ne peut pas \u00eatre vide\" aria-required=\"true\" data-invmsg=\"First name, Last name est non valide\" aria-invalid=\"false\"   \/>\r\n    \r\n    \r\n<\/div>\n<div id=\"frm_field_99_container\" class=\"frm_form_field form-field  frm_required_field frm_none_container frm_half\">\r\n    <label for=\"field_fp3sl2\" class=\"frm_primary_label\">Company\r\n        <span class=\"frm_required\">*<\/span>\r\n    <\/label>\r\n    <input  type=\"text\" id=\"field_fp3sl2\" name=\"item_meta[99]\" value=\"\"  placeholder=\"Company*\" data-reqmsg=\"Ce champ ne peut pas \u00eatre vide\" aria-required=\"true\" data-invmsg=\"Company est non valide\" aria-invalid=\"false\"   \/>\r\n    \r\n    \r\n<\/div>\n<div id=\"frm_field_100_container\" class=\"frm_form_field form-field  frm_none_container frm_first frm_half\">\r\n    <label for=\"field_nwo3n2\" class=\"frm_primary_label\">Phone\r\n        <span class=\"frm_required\"><\/span>\r\n    <\/label>\r\n    <input  type=\"text\" id=\"field_nwo3n2\" name=\"item_meta[100]\" value=\"\"  placeholder=\"Phone*\" data-invmsg=\"Phone est non valide\" aria-invalid=\"false\"   \/>\r\n    \r\n    \r\n<\/div>\n<div id=\"frm_field_101_container\" class=\"frm_form_field form-field  frm_required_field frm_none_container frm_half\">\r\n    <label for=\"field_aiw3c2\" class=\"frm_primary_label\">Email\r\n        <span class=\"frm_required\">*<\/span>\r\n    <\/label>\r\n    <input type=\"email\" id=\"field_aiw3c2\" name=\"item_meta[101]\" value=\"\"  placeholder=\"Email*\" data-reqmsg=\"Ce champ ne peut pas \u00eatre vide\" aria-required=\"true\" data-invmsg=\"Courriel est non valide\" aria-invalid=\"false\"  \/>\r\n    \r\n    \r\n<\/div>\n<div id=\"frm_field_102_container\" class=\"frm_form_field form-field  frm_required_field frm_none_container\">\r\n    <label for=\"field_nurag2\" class=\"frm_primary_label\">Message\r\n        <span class=\"frm_required\">*<\/span>\r\n    <\/label>\r\n    <textarea name=\"item_meta[102]\" id=\"field_nurag2\" rows=\"5\"  placeholder=\"Message*\" data-reqmsg=\"Ce champ ne peut pas \u00eatre vide\" aria-required=\"true\" data-invmsg=\"Message is invalid\" aria-invalid=\"false\"  ><\/textarea>\r\n    \r\n    \r\n<\/div>\n<div id=\"frm_field_116_container\" class=\"frm_form_field form-field  frm_none_container\">\r\n    <label for=\"g-recaptcha-response\" id=\"field_sbiv2_label\" class=\"frm_primary_label\">\r\n        <span class=\"frm_required\"><\/span>\r\n    <\/label>\r\n    <div  id=\"field_sbiv2\" class=\"frm-g-recaptcha\" data-sitekey=\"6LdzWKUUAAAAAMU3dPniK9P0_sRJkQc1Ild7J8oO\" data-size=\"normal\" data-theme=\"light\"><\/div>\r\n    \r\n    \r\n<\/div>\n\t<input type=\"hidden\" name=\"item_key\" value=\"\" \/>\n\t\t\t<div id=\"frm_field_147_container\">\n\t\t\t<label for=\"field_qfj9h\" >\n\t\t\t\tIf you are human, leave this field blank.\t\t\t<\/label>\n\t\t\t<input  id=\"field_qfj9h\" type=\"text\" class=\"frm_form_field form-field frm_verify\" name=\"item_meta[147]\" value=\"\"  \/>\n\t\t<\/div>\n\t\t<div id=\"frm_field_hnypt\" class=\"form-field  frm_top_container\" style=\"display: none;\">Please leave this blank<label class=\"frm_primary_label\"><\/label><input type=\"text\" name=\"firstname_hnypt\" id=\"firstname_hnypt\" value=\"\" \/><\/div><input name=\"frm_state\" type=\"hidden\" value=\"ae4BZalwt78dmEzfRwDcatkGMAKxDirdt4HGy3IogtbZeA60Yj8RJCFMNXary5ZB\" \/><div class=\"frm_submit\">\r\n\r\n<button class=\"frm_button_submit frm_final_submit\" type=\"submit\"   formnovalidate=\"formnovalidate\">Send<\/button>\r\n\r\n<\/div><\/div>\n<\/fieldset>\n<\/div>\n\n<\/form>\n<\/div>\n[\/et_pb_code][\/et_pb_column][\/et_pb_row][\/et_pb_section][et_pb_section fb_built=&#8221;1&#8243; module_class=&#8221;graybg&#8221; _builder_version=&#8221;4.9.4&#8243; background_color=&#8221;RGBA(0,0,0,0)&#8221; max_height=&#8221;300px&#8221; transparent_background=&#8221;off&#8221; make_fullwidth=&#8221;off&#8221; use_custom_width=&#8221;off&#8221; width_unit=&#8221;on&#8221; global_colors_info=&#8221;{}&#8221;][et_pb_row _builder_version=&#8221;3.25&#8243; background_size=&#8221;initial&#8221; background_position=&#8221;top_left&#8221; background_repeat=&#8221;repeat&#8221; global_colors_info=&#8221;{}&#8221;][et_pb_column type=&#8221;4_4&#8243; _builder_version=&#8221;3.25&#8243; custom_padding=&#8221;|||&#8221; global_colors_info=&#8221;{}&#8221; custom_padding__hover=&#8221;|||&#8221;][et_pb_text admin_label=&#8221; READY TO JOIN ONE OF OUR BUSINESS CENTERS?&#8221; _builder_version=&#8221;4.9.4&#8243; background_size=&#8221;initial&#8221; background_position=&#8221;top_left&#8221; background_repeat=&#8221;repeat&#8221; module_alignment=&#8221;left&#8221; global_colors_info=&#8221;{}&#8221;]\n<h2 style=\"text-align: center;\">Discover the Technoparc&#8217;s companies<\/h2>\n[\/et_pb_text][et_pb_button button_url=&#8221;https:\/\/technoparc.com\/en\/our-companies\/&#8221; button_text=&#8221;Our companies&#8221; button_alignment=&#8221;center&#8221; admin_label=&#8221;Bouton&#8221; module_class=&#8221;boutonrouge&#8221; _builder_version=&#8221;4.9.4&#8243; button_letter_spacing_hover=&#8221;0&#8243; saved_tabs=&#8221;all&#8221; global_colors_info=&#8221;{}&#8221; button_text_size__hover_enabled=&#8221;off&#8221; button_one_text_size__hover_enabled=&#8221;off&#8221; button_two_text_size__hover_enabled=&#8221;off&#8221; button_text_color__hover_enabled=&#8221;off&#8221; button_one_text_color__hover_enabled=&#8221;off&#8221; button_two_text_color__hover_enabled=&#8221;off&#8221; button_border_width__hover_enabled=&#8221;off&#8221; button_one_border_width__hover_enabled=&#8221;off&#8221; button_two_border_width__hover_enabled=&#8221;off&#8221; button_border_color__hover_enabled=&#8221;off&#8221; button_one_border_color__hover_enabled=&#8221;off&#8221; button_two_border_color__hover_enabled=&#8221;off&#8221; button_border_radius__hover_enabled=&#8221;off&#8221; button_one_border_radius__hover_enabled=&#8221;off&#8221; button_two_border_radius__hover_enabled=&#8221;off&#8221; button_letter_spacing__hover_enabled=&#8221;on&#8221; button_letter_spacing__hover=&#8221;0&#8243; button_one_letter_spacing__hover_enabled=&#8221;off&#8221; button_two_letter_spacing__hover_enabled=&#8221;off&#8221; button_bg_color__hover_enabled=&#8221;off&#8221; button_one_bg_color__hover_enabled=&#8221;off&#8221; button_two_bg_color__hover_enabled=&#8221;off&#8221;][\/et_pb_button][\/et_pb_column][\/et_pb_row][\/et_pb_section]\n","protected":false},"excerpt":{"rendered":"<p>Technoparc Montreal At the forefront of science and technology parks Technoparc Montr\u00e9al is Canada&#8217;s first science park. It brings together a community of more than one hundred innovative companies in the life sciences, aerospace and technology industries. Its mission is to foster the creation and growth of companies in these industries as well as to [&hellip;]<\/p>\n","protected":false},"author":2,"featured_media":0,"parent":0,"menu_order":0,"comment_status":"closed","ping_status":"closed","template":"","meta":{"_acf_changed":false,"_et_pb_use_builder":"on","_et_pb_old_content":"","_et_gb_content_width":"","_monsterinsights_skip_tracking":false,"_monsterinsights_sitenote_active":false,"_monsterinsights_sitenote_note":"","_monsterinsights_sitenote_category":0,"footnotes":""},"class_list":["post-2183","page","type-page","status-publish","hentry"],"acf":[],"yoast_head":"<!-- This site is optimized with the Yoast SEO plugin v27.2 - https:\/\/yoast.com\/product\/yoast-seo-wordpress\/ -->\n<title>About - Technoparc Montr\u00e9al<\/title>\n<meta name=\"description\" content=\"Technoparc Montr\u00e9al is Canada\u2019s first science park. Managed by the City of Montreal, the Technoparc is a science and technology business park with an international vocation, and a research and commercial development site.\" \/>\n<meta name=\"robots\" content=\"index, follow, max-snippet:-1, max-image-preview:large, max-video-preview:-1\" \/>\n<link rel=\"canonical\" href=\"https:\/\/technoparc.com\/en\/about-the-technoparc-montreal\/\" \/>\n<meta property=\"og:locale\" content=\"en_US\" \/>\n<meta property=\"og:type\" content=\"article\" \/>\n<meta property=\"og:title\" content=\"About - Technoparc Montr\u00e9al\" \/>\n<meta property=\"og:description\" content=\"Technoparc Montr\u00e9al is Canada\u2019s first science park. Managed by the City of Montreal, the Technoparc is a science and technology business park with an international vocation, and a research and commercial development site.\" \/>\n<meta property=\"og:url\" content=\"https:\/\/technoparc.com\/en\/about-the-technoparc-montreal\/\" \/>\n<meta property=\"og:site_name\" content=\"Technoparc Montr\u00e9al\" \/>\n<meta property=\"article:modified_time\" content=\"2022-10-27T15:38:26+00:00\" \/>\n<meta name=\"twitter:card\" content=\"summary_large_image\" \/>\n<meta name=\"twitter:label1\" content=\"Est. reading time\" \/>\n\t<meta name=\"twitter:data1\" content=\"3 minutes\" \/>\n<script type=\"application\/ld+json\" class=\"yoast-schema-graph\">{\"@context\":\"https:\/\/schema.org\",\"@graph\":[{\"@type\":\"WebPage\",\"@id\":\"https:\/\/technoparc.com\/en\/about-the-technoparc-montreal\/\",\"url\":\"https:\/\/technoparc.com\/en\/about-the-technoparc-montreal\/\",\"name\":\"About - Technoparc Montr\u00e9al\",\"isPartOf\":{\"@id\":\"https:\/\/technoparc.com\/en\/#website\"},\"datePublished\":\"2017-06-04T17:43:02+00:00\",\"dateModified\":\"2022-10-27T15:38:26+00:00\",\"description\":\"Technoparc Montr\u00e9al is Canada\u2019s first science park. Managed by the City of Montreal, the Technoparc is a science and technology business park with an international vocation, and a research and commercial development site.\",\"breadcrumb\":{\"@id\":\"https:\/\/technoparc.com\/en\/about-the-technoparc-montreal\/#breadcrumb\"},\"inLanguage\":\"en-US\",\"potentialAction\":[{\"@type\":\"ReadAction\",\"target\":[\"https:\/\/technoparc.com\/en\/about-the-technoparc-montreal\/\"]}]},{\"@type\":\"BreadcrumbList\",\"@id\":\"https:\/\/technoparc.com\/en\/about-the-technoparc-montreal\/#breadcrumb\",\"itemListElement\":[{\"@type\":\"ListItem\",\"position\":1,\"name\":\"Home\",\"item\":\"https:\/\/technoparc.com\/en\/\"},{\"@type\":\"ListItem\",\"position\":2,\"name\":\"About\"}]},{\"@type\":\"WebSite\",\"@id\":\"https:\/\/technoparc.com\/en\/#website\",\"url\":\"https:\/\/technoparc.com\/en\/\",\"name\":\"Technoparc Montr\u00e9al\",\"description\":\"Un site utilisant WordPress\",\"potentialAction\":[{\"@type\":\"SearchAction\",\"target\":{\"@type\":\"EntryPoint\",\"urlTemplate\":\"https:\/\/technoparc.com\/en\/?s={search_term_string}\"},\"query-input\":{\"@type\":\"PropertyValueSpecification\",\"valueRequired\":true,\"valueName\":\"search_term_string\"}}],\"inLanguage\":\"en-US\"}]}<\/script>\n<!-- \/ Yoast SEO plugin. -->","yoast_head_json":{"title":"About - Technoparc Montr\u00e9al","description":"Technoparc Montr\u00e9al is Canada\u2019s first science park. Managed by the City of Montreal, the Technoparc is a science and technology business park with an international vocation, and a research and commercial development site.","robots":{"index":"index","follow":"follow","max-snippet":"max-snippet:-1","max-image-preview":"max-image-preview:large","max-video-preview":"max-video-preview:-1"},"canonical":"https:\/\/technoparc.com\/en\/about-the-technoparc-montreal\/","og_locale":"en_US","og_type":"article","og_title":"About - Technoparc Montr\u00e9al","og_description":"Technoparc Montr\u00e9al is Canada\u2019s first science park. Managed by the City of Montreal, the Technoparc is a science and technology business park with an international vocation, and a research and commercial development site.","og_url":"https:\/\/technoparc.com\/en\/about-the-technoparc-montreal\/","og_site_name":"Technoparc Montr\u00e9al","article_modified_time":"2022-10-27T15:38:26+00:00","twitter_card":"summary_large_image","twitter_misc":{"Est. reading time":"3 minutes"},"schema":{"@context":"https:\/\/schema.org","@graph":[{"@type":"WebPage","@id":"https:\/\/technoparc.com\/en\/about-the-technoparc-montreal\/","url":"https:\/\/technoparc.com\/en\/about-the-technoparc-montreal\/","name":"About - Technoparc Montr\u00e9al","isPartOf":{"@id":"https:\/\/technoparc.com\/en\/#website"},"datePublished":"2017-06-04T17:43:02+00:00","dateModified":"2022-10-27T15:38:26+00:00","description":"Technoparc Montr\u00e9al is Canada\u2019s first science park. Managed by the City of Montreal, the Technoparc is a science and technology business park with an international vocation, and a research and commercial development site.","breadcrumb":{"@id":"https:\/\/technoparc.com\/en\/about-the-technoparc-montreal\/#breadcrumb"},"inLanguage":"en-US","potentialAction":[{"@type":"ReadAction","target":["https:\/\/technoparc.com\/en\/about-the-technoparc-montreal\/"]}]},{"@type":"BreadcrumbList","@id":"https:\/\/technoparc.com\/en\/about-the-technoparc-montreal\/#breadcrumb","itemListElement":[{"@type":"ListItem","position":1,"name":"Home","item":"https:\/\/technoparc.com\/en\/"},{"@type":"ListItem","position":2,"name":"About"}]},{"@type":"WebSite","@id":"https:\/\/technoparc.com\/en\/#website","url":"https:\/\/technoparc.com\/en\/","name":"Technoparc Montr\u00e9al","description":"Un site utilisant WordPress","potentialAction":[{"@type":"SearchAction","target":{"@type":"EntryPoint","urlTemplate":"https:\/\/technoparc.com\/en\/?s={search_term_string}"},"query-input":{"@type":"PropertyValueSpecification","valueRequired":true,"valueName":"search_term_string"}}],"inLanguage":"en-US"}]}},"_links":{"self":[{"href":"https:\/\/technoparc.com\/en\/wp-json\/wp\/v2\/pages\/2183","targetHints":{"allow":["GET"]}}],"collection":[{"href":"https:\/\/technoparc.com\/en\/wp-json\/wp\/v2\/pages"}],"about":[{"href":"https:\/\/technoparc.com\/en\/wp-json\/wp\/v2\/types\/page"}],"author":[{"embeddable":true,"href":"https:\/\/technoparc.com\/en\/wp-json\/wp\/v2\/users\/2"}],"replies":[{"embeddable":true,"href":"https:\/\/technoparc.com\/en\/wp-json\/wp\/v2\/comments?post=2183"}],"version-history":[{"count":0,"href":"https:\/\/technoparc.com\/en\/wp-json\/wp\/v2\/pages\/2183\/revisions"}],"wp:attachment":[{"href":"https:\/\/technoparc.com\/en\/wp-json\/wp\/v2\/media?parent=2183"}],"curies":[{"name":"wp","href":"https:\/\/api.w.org\/{rel}","templated":true}]}}